{"id":15,"date":"2023-04-17T17:07:53","date_gmt":"2023-04-17T17:07:53","guid":{"rendered":"https:\/\/fotostudio-weingarten.de\/?page_id=15"},"modified":"2025-09-26T16:05:41","modified_gmt":"2025-09-26T16:05:41","slug":"unsere-leistungen","status":"publish","type":"page","link":"https:\/\/foto-woblick.com\/index.php\/unsere-leistungen\/","title":{"rendered":"Unsere Leistungen"},"content":{"rendered":"\n<h1 class=\"wp-block-heading\">Bewerbung, Portr\u00e4t, Kinder, Familien, Tiere, Akt, S\/W Photographie, Hochzeiten, Kreativ-Fotografie und Tierfotos in Weingarten, Ravensburg, Bad Waldsee und Umgebung<\/h1>\n\n\n\n<h2 class=\"wp-block-heading\">Portr\u00e4tfotografie: Ihr Portr\u00e4t &#8211; einf\u00fchlsam und kreativ gestaltete Bilderserien zu jedem Anlass<\/h2>\n\n\n\n<p>Auch im Bereich der Aktfotografie sind wir genau der richtige Ansprechpartner. Unsere Aktportr\u00e4ts f\u00fcr Sie und Ihn sind je nach Wunsch und Geschmack klassisch, \u00e4sthetisch oder ausdrucksstark.<\/p>\n\n\n\n<p>Unsere Hochzeitsserien: Da ein besonderer Anlass das besondere Bild mit einem besonderen Ambiente braucht, wenden Sie sich direkt an einen Profi. Das Studio Woblick in Weingarten verewigt den wichtigsten Tag Ihres Lebens stilvoll und aus dem richtigen Blickwinkel!<\/p>\n\n\n\n<p>Oder h\u00e4tten Sie lieber ein Erinnerungsfoto unter Freunden? Dann statten Sie uns doch einfach einen Besuch ab und \u00fcberzeugen Sie sich selbst. Unsere Freundschaft- und Gruppenfotos sind stets witzig, frech und stylish!<\/p>\n\n\n\n<p>Unter unser Serviceangebot fallen selbstverst\u00e4ndlich auch Bewerbungsfotos, die Ihren zuk\u00fcnftigen Arbeitgeber begeistern werden. Auch eindrucksvolle und aussagekr\u00e4ftige Managerportr\u00e4ts sowie Tierportr\u00e4ts, die Ihr Tier als Star, lustig, knuffig oder mal ganz cool aussehen lassen geh\u00f6ren zu unserem Repertoire.<\/p>\n\n\n\n<p>Wir halten ihre wichtigen Momente fest.<\/p>\n\n\n\n<figure class=\"wp-block-gallery has-nested-images columns-default is-cropped wp-block-gallery-1 is-layout-flex wp-block-gallery-is-layout-flex\">\n<figure class=\"wp-block-image size-large\"><img decoding=\"async\" width=\"1024\" height=\"1024\" data-id=\"550\" src=\"https:\/\/foto-woblick.com\/wp-content\/uploads\/2025\/09\/Hoess_1729-scaled0-1024x1024.jpg\" alt=\"\" class=\"wp-image-550\" srcset=\"https:\/\/foto-woblick.com\/wp-content\/uploads\/2025\/09\/Hoess_1729-scaled0-1024x1024.jpg 1024w, https:\/\/foto-woblick.com\/wp-content\/uploads\/2025\/09\/Hoess_1729-scaled0-300x300.jpg 300w, https:\/\/foto-woblick.com\/wp-content\/uploads\/2025\/09\/Hoess_1729-scaled0-150x150.jpg 150w, https:\/\/foto-woblick.com\/wp-content\/uploads\/2025\/09\/Hoess_1729-scaled0-768x768.jpg 768w, https:\/\/foto-woblick.com\/wp-content\/uploads\/2025\/09\/Hoess_1729-scaled0-1536x1536.jpg 1536w, https:\/\/foto-woblick.com\/wp-content\/uploads\/2025\/09\/Hoess_1729-scaled0-2048x2048.jpg 2048w\" sizes=\"(max-width: 1024px) 100vw, 1024px\" \/><\/figure>\n\n\n\n<figure class=\"wp-block-image size-large\"><img decoding=\"async\" width=\"683\" height=\"1024\" data-id=\"527\" src=\"https:\/\/foto-woblick.com\/wp-content\/uploads\/2025\/09\/Spiess-01_6080-scaled-1-683x1024.jpg\" alt=\"\" class=\"wp-image-527\" srcset=\"https:\/\/foto-woblick.com\/wp-content\/uploads\/2025\/09\/Spiess-01_6080-scaled-1-683x1024.jpg 683w, https:\/\/foto-woblick.com\/wp-content\/uploads\/2025\/09\/Spiess-01_6080-scaled-1-200x300.jpg 200w, https:\/\/foto-woblick.com\/wp-content\/uploads\/2025\/09\/Spiess-01_6080-scaled-1-768x1152.jpg 768w, https:\/\/foto-woblick.com\/wp-content\/uploads\/2025\/09\/Spiess-01_6080-scaled-1-1024x1536.jpg 1024w, https:\/\/foto-woblick.com\/wp-content\/uploads\/2025\/09\/Spiess-01_6080-scaled-1-1366x2048.jpg 1366w, https:\/\/foto-woblick.com\/wp-content\/uploads\/2025\/09\/Spiess-01_6080-scaled-1.jpg 1707w\" sizes=\"(max-width: 683px) 100vw, 683px\" \/><\/figure>\n\n\n\n<figure class=\"wp-block-image size-large\"><img decoding=\"async\" width=\"1024\" height=\"683\" data-id=\"507\" src=\"https:\/\/foto-woblick.com\/wp-content\/uploads\/2025\/09\/A-01-3020-scaled-1-1024x683.jpg\" alt=\"\" class=\"wp-image-507\" srcset=\"https:\/\/foto-woblick.com\/wp-content\/uploads\/2025\/09\/A-01-3020-scaled-1-1024x683.jpg 1024w, https:\/\/foto-woblick.com\/wp-content\/uploads\/2025\/09\/A-01-3020-scaled-1-300x200.jpg 300w, https:\/\/foto-woblick.com\/wp-content\/uploads\/2025\/09\/A-01-3020-scaled-1-768x512.jpg 768w, https:\/\/foto-woblick.com\/wp-content\/uploads\/2025\/09\/A-01-3020-scaled-1-1536x1024.jpg 1536w, https:\/\/foto-woblick.com\/wp-content\/uploads\/2025\/09\/A-01-3020-scaled-1-2048x1366.jpg 2048w\" sizes=\"(max-width: 1024px) 100vw, 1024px\" \/><\/figure>\n<\/figure>\n","protected":false},"excerpt":{"rendered":"<p>Bewerbung, Portr\u00e4t, Kinder, Familien, Tiere, Akt, S\/W Photographie, Hochzeiten, Kreativ-Fotografie und Tierfotos in Weingarten, Ravensburg, Bad Waldsee und Umgebung Portr\u00e4tfotografie: Ihr Portr\u00e4t &#8211; einf\u00fchlsam und kreativ gestaltete Bilderserien zu jedem Anlass Auch im Bereich der Aktfotografie sind wir genau der richtige Ansprechpartner. Unsere Aktportr\u00e4ts f\u00fcr Sie und Ihn sind je nach Wunsch und Geschmack klassisch,&hellip;&nbsp;<a href=\"https:\/\/foto-woblick.com\/index.php\/unsere-leistungen\/\" rel=\"bookmark\"><span class=\"screen-reader-text\">Unsere Leistungen<\/span><\/a><\/p>\n","protected":false},"author":1,"featured_media":741,"parent":0,"menu_order":0,"comment_status":"closed","ping_status":"closed","template":"","meta":{"neve_meta_sidebar":"","neve_meta_container":"","neve_meta_enable_content_width":"","neve_meta_content_width":0,"neve_meta_title_alignment":"","neve_meta_author_avatar":"","neve_post_elements_order":"","neve_meta_disable_header":"","neve_meta_disable_footer":"","neve_meta_disable_title":"","footnotes":""},"class_list":["post-15","page","type-page","status-publish","has-post-thumbnail","hentry"],"_links":{"self":[{"href":"https:\/\/foto-woblick.com\/index.php\/wp-json\/wp\/v2\/pages\/15","targetHints":{"allow":["GET"]}}],"collection":[{"href":"https:\/\/foto-woblick.com\/index.php\/wp-json\/wp\/v2\/pages"}],"about":[{"href":"https:\/\/foto-woblick.com\/index.php\/wp-json\/wp\/v2\/types\/page"}],"author":[{"embeddable":true,"href":"https:\/\/foto-woblick.com\/index.php\/wp-json\/wp\/v2\/users\/1"}],"replies":[{"embeddable":true,"href":"https:\/\/foto-woblick.com\/index.php\/wp-json\/wp\/v2\/comments?post=15"}],"version-history":[{"count":1,"href":"https:\/\/foto-woblick.com\/index.php\/wp-json\/wp\/v2\/pages\/15\/revisions"}],"predecessor-version":[{"id":696,"href":"https:\/\/foto-woblick.com\/index.php\/wp-json\/wp\/v2\/pages\/15\/revisions\/696"}],"wp:featuredmedia":[{"embeddable":true,"href":"https:\/\/foto-woblick.com\/index.php\/wp-json\/wp\/v2\/media\/741"}],"wp:attachment":[{"href":"https:\/\/foto-woblick.com\/index.php\/wp-json\/wp\/v2\/media?parent=15"}],"curies":[{"name":"wp","href":"https:\/\/api.w.org\/{rel}","templated":true}]}}