{"id":238,"date":"2023-09-09T10:27:38","date_gmt":"2023-09-09T10:27:38","guid":{"rendered":"https:\/\/fotostudio-weingarten.de\/?page_id=238"},"modified":"2025-09-26T15:15:32","modified_gmt":"2025-09-26T15:15:32","slug":"biographie-angelika-woblick","status":"publish","type":"page","link":"https:\/\/foto-woblick.com\/index.php\/biographie-angelika-woblick\/","title":{"rendered":"Biographie Angelika Woblick"},"content":{"rendered":"\n<p>Angelika K\u00f6berle-Woblick<br>Fotografenmeisterin<\/p>\n\n\n\n<p><\/p>\n\n\n\n<p>Ausbildung und Gesellenjahre: Foto Hausser, Ravensburg<\/p>\n\n\n\n<p>Fotografische Stationen in <\/p>\n\n\n\n<ul class=\"wp-block-list\">\n<li>Hamburg (Werbung, Mode)<\/li>\n\n\n\n<li>M\u00fcnchen (People)<\/li>\n\n\n\n<li>Erlangen (Portrait, Hochzeiten)<\/li>\n\n\n\n<li>Biberach (Museumsfotografie, Portrait, Hochzeiten) <\/li>\n<\/ul>\n\n\n\n<p>Selbst\u00e4ndig seit 1989 in Weingarten <\/p>\n\n\n\n<p><strong>Schwerpunkt: K\u00fcnstlerische Portraits und Aktfotografie<\/strong><\/p>\n\n\n\n<p>Diverse Ausstellungen und Workshops<\/p>\n\n\n\n<p>Fotostudio:<\/p>\n\n\n\n<p>Angelika K\u00f6berle-Woblick<br>Thumbstr. 60<\/p>\n\n\n\n<p>88255 Baindt<\/p>\n\n\n\n<figure class=\"wp-block-image size-full\"><img decoding=\"async\" width=\"2560\" height=\"1782\" src=\"https:\/\/foto-woblick.com\/wp-content\/uploads\/2025\/09\/Auge-10x15-1-scaled-1.jpg\" alt=\"\" class=\"wp-image-628\" srcset=\"https:\/\/foto-woblick.com\/wp-content\/uploads\/2025\/09\/Auge-10x15-1-scaled-1.jpg 2560w, https:\/\/foto-woblick.com\/wp-content\/uploads\/2025\/09\/Auge-10x15-1-scaled-1-300x209.jpg 300w, https:\/\/foto-woblick.com\/wp-content\/uploads\/2025\/09\/Auge-10x15-1-scaled-1-1024x713.jpg 1024w, https:\/\/foto-woblick.com\/wp-content\/uploads\/2025\/09\/Auge-10x15-1-scaled-1-768x535.jpg 768w, https:\/\/foto-woblick.com\/wp-content\/uploads\/2025\/09\/Auge-10x15-1-scaled-1-1536x1069.jpg 1536w, https:\/\/foto-woblick.com\/wp-content\/uploads\/2025\/09\/Auge-10x15-1-scaled-1-2048x1426.jpg 2048w\" sizes=\"(max-width: 2560px) 100vw, 2560px\" \/><\/figure>\n","protected":false},"excerpt":{"rendered":"<p>Angelika K\u00f6berle-WoblickFotografenmeisterin Ausbildung und Gesellenjahre: Foto Hausser, Ravensburg Fotografische Stationen in Selbst\u00e4ndig seit 1989 in Weingarten Schwerpunkt: K\u00fcnstlerische Portraits und Aktfotografie Diverse Ausstellungen und Workshops Fotostudio: Angelika K\u00f6berle-WoblickThumbstr. 60 88255 Baindt<\/p>\n","protected":false},"author":1,"featured_media":582,"parent":0,"menu_order":0,"comment_status":"closed","ping_status":"closed","template":"","meta":{"neve_meta_sidebar":"","neve_meta_container":"","neve_meta_enable_content_width":"","neve_meta_content_width":0,"neve_meta_title_alignment":"","neve_meta_author_avatar":"","neve_post_elements_order":"","neve_meta_disable_header":"","neve_meta_disable_footer":"","neve_meta_disable_title":"","footnotes":""},"class_list":["post-238","page","type-page","status-publish","has-post-thumbnail","hentry"],"_links":{"self":[{"href":"https:\/\/foto-woblick.com\/index.php\/wp-json\/wp\/v2\/pages\/238","targetHints":{"allow":["GET"]}}],"collection":[{"href":"https:\/\/foto-woblick.com\/index.php\/wp-json\/wp\/v2\/pages"}],"about":[{"href":"https:\/\/foto-woblick.com\/index.php\/wp-json\/wp\/v2\/types\/page"}],"author":[{"embeddable":true,"href":"https:\/\/foto-woblick.com\/index.php\/wp-json\/wp\/v2\/users\/1"}],"replies":[{"embeddable":true,"href":"https:\/\/foto-woblick.com\/index.php\/wp-json\/wp\/v2\/comments?post=238"}],"version-history":[{"count":2,"href":"https:\/\/foto-woblick.com\/index.php\/wp-json\/wp\/v2\/pages\/238\/revisions"}],"predecessor-version":[{"id":725,"href":"https:\/\/foto-woblick.com\/index.php\/wp-json\/wp\/v2\/pages\/238\/revisions\/725"}],"wp:featuredmedia":[{"embeddable":true,"href":"https:\/\/foto-woblick.com\/index.php\/wp-json\/wp\/v2\/media\/582"}],"wp:attachment":[{"href":"https:\/\/foto-woblick.com\/index.php\/wp-json\/wp\/v2\/media?parent=238"}],"curies":[{"name":"wp","href":"https:\/\/api.w.org\/{rel}","templated":true}]}}