{"id":265,"date":"2023-04-17T17:04:39","date_gmt":"2023-04-17T17:04:39","guid":{"rendered":"https:\/\/fotostudio-weingarten.de\/?page_id=8"},"modified":"2025-09-26T15:12:01","modified_gmt":"2025-09-26T15:12:01","slug":"ueber-uns","status":"publish","type":"page","link":"https:\/\/foto-woblick.com\/index.php\/ueber-uns\/","title":{"rendered":"\u00dcber uns"},"content":{"rendered":"\n<h1 class=\"wp-block-heading\">Portr\u00e4tfotos, Aktbilder und Bewerbungsfotos in Baindt<\/h1>\n\n\n\n<h2 class=\"wp-block-heading\">Foto Woblick: \u00dcber uns<\/h2>\n\n\n<div class=\"wp-block-image\">\n<figure class=\"alignright size-full is-resized\"><img decoding=\"async\" width=\"2560\" height=\"2560\" src=\"https:\/\/foto-woblick.com\/wp-content\/uploads\/2025\/09\/Geli-04-26.02.20_6818-scaled-1.jpg\" alt=\"\" class=\"wp-image-581\" style=\"width:298px;height:auto\" srcset=\"https:\/\/foto-woblick.com\/wp-content\/uploads\/2025\/09\/Geli-04-26.02.20_6818-scaled-1.jpg 2560w, https:\/\/foto-woblick.com\/wp-content\/uploads\/2025\/09\/Geli-04-26.02.20_6818-scaled-1-300x300.jpg 300w, https:\/\/foto-woblick.com\/wp-content\/uploads\/2025\/09\/Geli-04-26.02.20_6818-scaled-1-1024x1024.jpg 1024w, https:\/\/foto-woblick.com\/wp-content\/uploads\/2025\/09\/Geli-04-26.02.20_6818-scaled-1-150x150.jpg 150w, https:\/\/foto-woblick.com\/wp-content\/uploads\/2025\/09\/Geli-04-26.02.20_6818-scaled-1-768x768.jpg 768w, https:\/\/foto-woblick.com\/wp-content\/uploads\/2025\/09\/Geli-04-26.02.20_6818-scaled-1-1536x1536.jpg 1536w, https:\/\/foto-woblick.com\/wp-content\/uploads\/2025\/09\/Geli-04-26.02.20_6818-scaled-1-2048x2048.jpg 2048w\" sizes=\"(max-width: 2560px) 100vw, 2560px\" \/><\/figure>\n<\/div>\n\n\n<p>Unser Atelier ist eines der bekanntesten und best-eingef\u00fchrten der Region Oberschwaben. Wir greifen f\u00fcr Sie auch auf unser umfangreiches Bild-Archiv zur\u00fcck. Profitieren Sie von unserer Routine und unserer Professionalit\u00e4t beim Erstellen Ihres Firmenportraits, Ihres Katalogs oder Flyers, oder auch bei der Fotodokumentation eines besonderen Events. <\/p>\n\n\n\n<p>Unsere Spezialit\u00e4t sind k\u00fcnstlerische, einzigartige Portrait-Fotografien. <\/p>\n\n\n\n<h2 class=\"wp-block-heading\">Werdegang<\/h2>\n\n\n\n<p>Nach drei Gesellenjahren bei Foto-Hauser in Hamburg legte ich die Meisterpr\u00fcfung im Fotografenhandwerk ab.<\/p>\n\n\n\n<p>Durch die T\u00e4tigkeit in Unternehmen mit unterschiedlichen Arbeitsschwerpunkten wie zum Beispiel Werbe-, Mode-, Portr\u00e4t- oder Museumsfotografie konnte ich mein Wissen auf vielen Ebenen einsetzen.<\/p>\n\n\n\n<p>Die Portr\u00e4t- und Aktfotografie ist und bleibt mein Spezialgebiet. Sie ist vielseitig, abwechslungsreich und steckt voller kreativer M\u00f6glichkeiten. Mir macht meine Arbeit Spa\u00df, vor allem wenn ich meine Kunden <strong>begeistert <\/strong>sehe!<br>Je nach Wunsch fotografieren wir unsere Kunden entweder im Studio oder vor geeigneter Kulisse im Freien. Besonders aufregend ist es f\u00fcr mich, Menschen in einem abstrakten und au\u00dfergew\u00f6hnlichen Umfeld zu portr\u00e4tieren und zu sehen, welche Eigenkreativit\u00e4t und Arten der Selbstdarstellung jeder Einzelne entwickeln kann.<\/p>\n\n\n\n<p>Schauen Sie doch einmal in unserem <a href=\"https:\/\/foto-woblick.com\/index.php\/portrait-fotografie\/\" data-type=\"page\" data-id=\"210\">Atelier f\u00fcr moderne Portr\u00e4tfotografie<\/a> vorbei und lassen Sie sich von unserer Leidenschaft und Professionalit\u00e4t begeistern! Wir freuen uns auf Ihren Besuch.<\/p>\n","protected":false},"excerpt":{"rendered":"<p>Portr\u00e4tfotos, Aktbilder und Bewerbungsfotos in Baindt Foto Woblick: \u00dcber uns Unser Atelier ist eines der bekanntesten und best-eingef\u00fchrten der Region Oberschwaben. Wir greifen f\u00fcr Sie auch auf unser umfangreiches Bild-Archiv zur\u00fcck. Profitieren Sie von unserer Routine und unserer Professionalit\u00e4t beim Erstellen Ihres Firmenportraits, Ihres Katalogs oder Flyers, oder auch bei der Fotodokumentation eines besonderen Events.&hellip;&nbsp;<a href=\"https:\/\/foto-woblick.com\/index.php\/ueber-uns\/\" rel=\"bookmark\"><span class=\"screen-reader-text\">\u00dcber uns<\/span><\/a><\/p>\n","protected":false},"author":1,"featured_media":582,"parent":0,"menu_order":0,"comment_status":"closed","ping_status":"closed","template":"","meta":{"neve_meta_sidebar":"","neve_meta_container":"","neve_meta_enable_content_width":"","neve_meta_content_width":0,"neve_meta_title_alignment":"","neve_meta_author_avatar":"","neve_post_elements_order":"","neve_meta_disable_header":"","neve_meta_disable_footer":"","neve_meta_disable_title":"","footnotes":""},"class_list":["post-265","page","type-page","status-publish","has-post-thumbnail","hentry"],"_links":{"self":[{"href":"https:\/\/foto-woblick.com\/index.php\/wp-json\/wp\/v2\/pages\/265","targetHints":{"allow":["GET"]}}],"collection":[{"href":"https:\/\/foto-woblick.com\/index.php\/wp-json\/wp\/v2\/pages"}],"about":[{"href":"https:\/\/foto-woblick.com\/index.php\/wp-json\/wp\/v2\/types\/page"}],"author":[{"embeddable":true,"href":"https:\/\/foto-woblick.com\/index.php\/wp-json\/wp\/v2\/users\/1"}],"replies":[{"embeddable":true,"href":"https:\/\/foto-woblick.com\/index.php\/wp-json\/wp\/v2\/comments?post=265"}],"version-history":[{"count":5,"href":"https:\/\/foto-woblick.com\/index.php\/wp-json\/wp\/v2\/pages\/265\/revisions"}],"predecessor-version":[{"id":722,"href":"https:\/\/foto-woblick.com\/index.php\/wp-json\/wp\/v2\/pages\/265\/revisions\/722"}],"wp:featuredmedia":[{"embeddable":true,"href":"https:\/\/foto-woblick.com\/index.php\/wp-json\/wp\/v2\/media\/582"}],"wp:attachment":[{"href":"https:\/\/foto-woblick.com\/index.php\/wp-json\/wp\/v2\/media?parent=265"}],"curies":[{"name":"wp","href":"https:\/\/api.w.org\/{rel}","templated":true}]}}