{"id":369,"date":"2024-02-24T13:22:20","date_gmt":"2024-02-24T13:22:20","guid":{"rendered":"https:\/\/fotostudio-weingarten.de\/?page_id=369"},"modified":"2025-09-26T15:20:01","modified_gmt":"2025-09-26T15:20:01","slug":"style","status":"publish","type":"page","link":"https:\/\/foto-woblick.com\/index.php\/style\/","title":{"rendered":"Style"},"content":{"rendered":"\n<p>Das Fotostudio Woblick legt gr\u00f6\u00dften Wert auf Gestaltung und k\u00fcnstlerischen Ausdruck. Dabei wird das Umfeld reduziert, um die Person oder das Objekt in den Vordergrund zu stellen #Reduktionismus<\/p>\n\n\n\n<figure class=\"wp-block-image size-large\"><img decoding=\"async\" width=\"1024\" height=\"683\" src=\"https:\/\/foto-woblick.com\/wp-content\/uploads\/2025\/09\/Engel-2-1676-scaled-1-1024x683.jpg\" alt=\"\" class=\"wp-image-583\" srcset=\"https:\/\/foto-woblick.com\/wp-content\/uploads\/2025\/09\/Engel-2-1676-scaled-1-1024x683.jpg 1024w, https:\/\/foto-woblick.com\/wp-content\/uploads\/2025\/09\/Engel-2-1676-scaled-1-300x200.jpg 300w, https:\/\/foto-woblick.com\/wp-content\/uploads\/2025\/09\/Engel-2-1676-scaled-1-768x512.jpg 768w, https:\/\/foto-woblick.com\/wp-content\/uploads\/2025\/09\/Engel-2-1676-scaled-1-1536x1024.jpg 1536w, https:\/\/foto-woblick.com\/wp-content\/uploads\/2025\/09\/Engel-2-1676-scaled-1-2048x1366.jpg 2048w\" sizes=\"(max-width: 1024px) 100vw, 1024px\" \/><\/figure>\n\n\n\n<p>Die Farbgestaltung beeinflusst die Wirkung des fertigen Bildes.<\/p>\n\n\n\n<p>Die Kleider- oder Hintergrundfarbe lenkt die Empfindungen der Betrachter\/innen des Bildes subtil in die gew\u00fcnschte Richtung &#8211; hierzu beraten wir Sie und experimentieren mit Ihnen im Studio, bis die gew\u00fcnschte Wirkung erreicht ist. Dasselbe gilt nat\u00fcrlich auch bei Au\u00dfenaufnahmen. <\/p>\n\n\n\n<p>Welchen Hintergrund wir f\u00fcr Sie w\u00e4hlen &#8211; Fabrikgeb\u00e4ude, moderne Architektur, Natur &#8211; beeinflusst die Stimmung ma\u00dfgeblich. Das richtige Ambiente kl\u00e4ren wir mit Ihnen ab, bis die f\u00fcr Sie ideale Location gefunden ist. <\/p>\n\n\n\n<figure class=\"wp-block-image size-large\"><img decoding=\"async\" width=\"683\" height=\"1024\" src=\"https:\/\/foto-woblick.com\/wp-content\/uploads\/2025\/09\/Herbst-01-14.10.22_3156-scaled-1-683x1024.jpg\" alt=\"\" class=\"wp-image-579\" srcset=\"https:\/\/foto-woblick.com\/wp-content\/uploads\/2025\/09\/Herbst-01-14.10.22_3156-scaled-1-683x1024.jpg 683w, https:\/\/foto-woblick.com\/wp-content\/uploads\/2025\/09\/Herbst-01-14.10.22_3156-scaled-1-200x300.jpg 200w, https:\/\/foto-woblick.com\/wp-content\/uploads\/2025\/09\/Herbst-01-14.10.22_3156-scaled-1-768x1152.jpg 768w, https:\/\/foto-woblick.com\/wp-content\/uploads\/2025\/09\/Herbst-01-14.10.22_3156-scaled-1-1024x1536.jpg 1024w, https:\/\/foto-woblick.com\/wp-content\/uploads\/2025\/09\/Herbst-01-14.10.22_3156-scaled-1-1366x2048.jpg 1366w, https:\/\/foto-woblick.com\/wp-content\/uploads\/2025\/09\/Herbst-01-14.10.22_3156-scaled-1.jpg 1707w\" sizes=\"(max-width: 683px) 100vw, 683px\" \/><\/figure>\n","protected":false},"excerpt":{"rendered":"<p>Das Fotostudio Woblick legt gr\u00f6\u00dften Wert auf Gestaltung und k\u00fcnstlerischen Ausdruck. Dabei wird das Umfeld reduziert, um die Person oder das Objekt in den Vordergrund zu stellen #Reduktionismus Die Farbgestaltung beeinflusst die Wirkung des fertigen Bildes. Die Kleider- oder Hintergrundfarbe lenkt die Empfindungen der Betrachter\/innen des Bildes subtil in die gew\u00fcnschte Richtung &#8211; hierzu beraten&hellip;&nbsp;<a href=\"https:\/\/foto-woblick.com\/index.php\/style\/\" rel=\"bookmark\"><span class=\"screen-reader-text\">Style<\/span><\/a><\/p>\n","protected":false},"author":1,"featured_media":607,"parent":0,"menu_order":0,"comment_status":"closed","ping_status":"closed","template":"","meta":{"neve_meta_sidebar":"","neve_meta_container":"","neve_meta_enable_content_width":"","neve_meta_content_width":0,"neve_meta_title_alignment":"","neve_meta_author_avatar":"","neve_post_elements_order":"","neve_meta_disable_header":"","neve_meta_disable_footer":"","neve_meta_disable_title":"","footnotes":""},"class_list":["post-369","page","type-page","status-publish","has-post-thumbnail","hentry"],"_links":{"self":[{"href":"https:\/\/foto-woblick.com\/index.php\/wp-json\/wp\/v2\/pages\/369","targetHints":{"allow":["GET"]}}],"collection":[{"href":"https:\/\/foto-woblick.com\/index.php\/wp-json\/wp\/v2\/pages"}],"about":[{"href":"https:\/\/foto-woblick.com\/index.php\/wp-json\/wp\/v2\/types\/page"}],"author":[{"embeddable":true,"href":"https:\/\/foto-woblick.com\/index.php\/wp-json\/wp\/v2\/users\/1"}],"replies":[{"embeddable":true,"href":"https:\/\/foto-woblick.com\/index.php\/wp-json\/wp\/v2\/comments?post=369"}],"version-history":[{"count":4,"href":"https:\/\/foto-woblick.com\/index.php\/wp-json\/wp\/v2\/pages\/369\/revisions"}],"predecessor-version":[{"id":729,"href":"https:\/\/foto-woblick.com\/index.php\/wp-json\/wp\/v2\/pages\/369\/revisions\/729"}],"wp:featuredmedia":[{"embeddable":true,"href":"https:\/\/foto-woblick.com\/index.php\/wp-json\/wp\/v2\/media\/607"}],"wp:attachment":[{"href":"https:\/\/foto-woblick.com\/index.php\/wp-json\/wp\/v2\/media?parent=369"}],"curies":[{"name":"wp","href":"https:\/\/api.w.org\/{rel}","templated":true}]}}